{"id":73,"date":"2020-10-20T19:10:41","date_gmt":"2020-10-20T19:10:41","guid":{"rendered":"https:\/\/haus-waldmann.at\/?page_id=73"},"modified":"2020-10-20T19:10:41","modified_gmt":"2020-10-20T19:10:41","slug":"sommer","status":"publish","type":"page","link":"https:\/\/haus-waldmann.at\/?page_id=73","title":{"rendered":"Sommer"},"content":{"rendered":"\n<p>St. Martin am Tennengebirge ist einer der idyllischsten Orte des sch\u00f6nen Salzburger Landes. Das Dorf liegt in ca. 1.000m H\u00f6he auf dem Sonnenplateau des oberen Lammertals und wird von den Gebirgsz\u00fcgen des Tennengebirges im Westen und dem Ausl\u00e4ufer des Stuhlgebirges und dem Dachstein im Osten ums\u00e4umt. Im Sommer kann man die Almen und Berge am Besten bei einer Wanderung genie\u00dfen und die kulinarischen Besonderheiten der Bergt\u00e4ler in den Almh\u00fctten.<\/p>\n\n\n\n<p>Im Zentrum des sch\u00f6nen Ortes liegt der Seepark, welcher an Sonnentagen f\u00fcr die ganze Familie Entspannung und Spa\u00df bietet, sei es&nbsp;beim Beachvolleyball, Tischtennis oder auf der Wasserrutsche. Die Anlage mit Gastronomie bietet die n\u00f6tige Erfrischung nach dem Wanderausflug und garantierten Badespa\u00df f\u00fcr Gro\u00df und Klein.<\/p>\n\n\n\n<p>W\u00e4hrend des Aufenthalts kann man zahlreiche Wander-, Rad- und Sportm\u00f6glichkeiten in der unber\u00fchrten Natur erleben und am Abend den Tag in einem gem\u00fctlichen Gastronomiebetrieb ausklingen lassen.<\/p>\n\n\n\n<p>Im hauseigenen Garten finden unsere G\u00e4ste Entspannung, w\u00e4hrend sich Kinder ungest\u00f6rt austoben k\u00f6nnen.<\/p>\n\n\n\n<p>Mehr Sommeraktivit\u00e4ten finden Sie hier:\u00a0<a rel=\"noreferrer noopener\" href=\"https:\/\/web.archive.org\/web\/20180907134235\/http:\/\/www.bergfex.at\/sommer\/stmartin-tennengebirge\/\" target=\"_blank\">Bergfex St. Martin<\/a><\/p>\n\n\n\n<figure class=\"wp-block-gallery columns-2 is-cropped\"><ul class=\"blocks-gallery-grid\"><li class=\"blocks-gallery-item\"><figure><img loading=\"lazy\" width=\"1024\" height=\"685\" src=\"https:\/\/haus-waldmann.at\/wp-content\/uploads\/2020\/10\/DSC_0128-1024x685-1.jpg\" alt=\"\" data-id=\"74\" data-full-url=\"https:\/\/haus-waldmann.at\/wp-content\/uploads\/2020\/10\/DSC_0128-1024x685-1.jpg\" data-link=\"https:\/\/haus-waldmann.at\/?attachment_id=74\" class=\"wp-image-74\" srcset=\"https:\/\/haus-waldmann.at\/wp-content\/uploads\/2020\/10\/DSC_0128-1024x685-1.jpg 1024w, https:\/\/haus-waldmann.at\/wp-content\/uploads\/2020\/10\/DSC_0128-1024x685-1-300x201.jpg 300w, https:\/\/haus-waldmann.at\/wp-content\/uploads\/2020\/10\/DSC_0128-1024x685-1-768x514.jpg 768w\" sizes=\"(max-width: 706px) 89vw, (max-width: 767px) 82vw, 740px\" \/><\/figure><\/li><li class=\"blocks-gallery-item\"><figure><img loading=\"lazy\" width=\"1024\" height=\"768\" src=\"https:\/\/haus-waldmann.at\/wp-content\/uploads\/2020\/10\/P1050991-1024x768-2.jpg\" alt=\"\" data-id=\"75\" data-full-url=\"https:\/\/haus-waldmann.at\/wp-content\/uploads\/2020\/10\/P1050991-1024x768-2.jpg\" data-link=\"https:\/\/haus-waldmann.at\/?attachment_id=75\" class=\"wp-image-75\" srcset=\"https:\/\/haus-waldmann.at\/wp-content\/uploads\/2020\/10\/P1050991-1024x768-2.jpg 1024w, https:\/\/haus-waldmann.at\/wp-content\/uploads\/2020\/10\/P1050991-1024x768-2-300x225.jpg 300w, https:\/\/haus-waldmann.at\/wp-content\/uploads\/2020\/10\/P1050991-1024x768-2-768x576.jpg 768w\" sizes=\"(max-width: 706px) 89vw, (max-width: 767px) 82vw, 740px\" \/><\/figure><\/li><\/ul><\/figure>\n","protected":false},"excerpt":{"rendered":"<p>St. Martin am Tennengebirge ist einer der idyllischsten Orte des sch\u00f6nen Salzburger Landes. Das Dorf liegt in ca. 1.000m H\u00f6he auf dem Sonnenplateau des oberen Lammertals und wird von den Gebirgsz\u00fcgen des Tennengebirges im Westen und dem Ausl\u00e4ufer des Stuhlgebirges und dem Dachstein im Osten ums\u00e4umt. Im Sommer kann man die Almen und Berge am &hellip; <\/p>\n<p class=\"link-more\"><a href=\"https:\/\/haus-waldmann.at\/?page_id=73\" class=\"more-link\"><span class=\"screen-reader-text\">\u201eSommer\u201c<\/span> weiterlesen<\/a><\/p>\n","protected":false},"author":1,"featured_media":0,"parent":0,"menu_order":0,"comment_status":"closed","ping_status":"closed","template":"","meta":[],"_links":{"self":[{"href":"https:\/\/haus-waldmann.at\/index.php?rest_route=\/wp\/v2\/pages\/73"}],"collection":[{"href":"https:\/\/haus-waldmann.at\/index.php?rest_route=\/wp\/v2\/pages"}],"about":[{"href":"https:\/\/haus-waldmann.at\/index.php?rest_route=\/wp\/v2\/types\/page"}],"author":[{"embeddable":true,"href":"https:\/\/haus-waldmann.at\/index.php?rest_route=\/wp\/v2\/users\/1"}],"replies":[{"embeddable":true,"href":"https:\/\/haus-waldmann.at\/index.php?rest_route=%2Fwp%2Fv2%2Fcomments&post=73"}],"version-history":[{"count":1,"href":"https:\/\/haus-waldmann.at\/index.php?rest_route=\/wp\/v2\/pages\/73\/revisions"}],"predecessor-version":[{"id":76,"href":"https:\/\/haus-waldmann.at\/index.php?rest_route=\/wp\/v2\/pages\/73\/revisions\/76"}],"wp:attachment":[{"href":"https:\/\/haus-waldmann.at\/index.php?rest_route=%2Fwp%2Fv2%2Fmedia&parent=73"}],"curies":[{"name":"wp","href":"https:\/\/api.w.org\/{rel}","templated":true}]}}