{"id":65,"date":"2020-10-20T19:08:55","date_gmt":"2020-10-20T19:08:55","guid":{"rendered":"https:\/\/haus-waldmann.at\/?page_id=65"},"modified":"2020-10-20T19:08:55","modified_gmt":"2020-10-20T19:08:55","slug":"winter","status":"publish","type":"page","link":"https:\/\/haus-waldmann.at\/?page_id=65","title":{"rendered":"Winter"},"content":{"rendered":"\n<p>Direkt unter unserem Haus liegt eine der sch\u00f6nsten Langlaufloipen des Ortes und f\u00fcnf Gehminuten entfernt befindet sich eine&nbsp;<a href=\"https:\/\/web.archive.org\/web\/20180907052103\/http:\/\/www.snowtube.at\/\" target=\"_blank\" rel=\"noreferrer noopener\">Snow Tube Anlage<\/a>, welche Winterspa\u00df pur bietet. Das Bergdorf St. Martin am Tennengebirge verf\u00fcgt \u00fcber drei Liftanlagen und stellt somit ein kleines familienfreundliches Schigebiet dar. Unz\u00e4hlige Naturrodelbahnen f\u00fchren von urig gem\u00fctlichen Gasth\u00e4usern und Jausenstationen ins Tal. Im Winter verwandelt sich der Seepark in Mitten des Dorfes in einen Eislaufplatz.<br>Am Abend laden Restaurants, Gasth\u00f6fe, eine Diskothek und eine Billard-Bar zum Schlemmen, Genie\u00dfen und Unterhalten ein.<\/p>\n\n\n\n<p>Nur wenige Autominuten entfernt liegen gr\u00f6\u00dfere Schiregionen. So sind die Schigebiete Dachstein West in Annaberg und der Monte Popolo in Eben ca. 15 min entfernt. Ungef\u00e4hr eine halben Stunde f\u00e4hrt man nach Flachau.<\/p>\n\n\n\n<p>Weiters lohnt sich ein Besuch in der nahe gelegenen\u00a0<a href=\"https:\/\/web.archive.org\/web\/20180907052103\/http:\/\/www.thermeamade.at\/\">Therme Amad\u00e9<\/a>.<\/p>\n\n\n\n<figure class=\"wp-block-gallery columns-3 is-cropped\"><ul class=\"blocks-gallery-grid\"><li class=\"blocks-gallery-item\"><figure><a href=\"https:\/\/haus-waldmann.at\/wp-content\/uploads\/2020\/10\/P1013021-1024x768-2.jpg\"><img loading=\"lazy\" width=\"1024\" height=\"768\" src=\"https:\/\/haus-waldmann.at\/wp-content\/uploads\/2020\/10\/P1013021-1024x768-2.jpg\" alt=\"\" data-id=\"66\" data-full-url=\"https:\/\/haus-waldmann.at\/wp-content\/uploads\/2020\/10\/P1013021-1024x768-2.jpg\" data-link=\"https:\/\/haus-waldmann.at\/?attachment_id=66\" class=\"wp-image-66\" srcset=\"https:\/\/haus-waldmann.at\/wp-content\/uploads\/2020\/10\/P1013021-1024x768-2.jpg 1024w, https:\/\/haus-waldmann.at\/wp-content\/uploads\/2020\/10\/P1013021-1024x768-2-300x225.jpg 300w, https:\/\/haus-waldmann.at\/wp-content\/uploads\/2020\/10\/P1013021-1024x768-2-768x576.jpg 768w\" sizes=\"(max-width: 706px) 89vw, (max-width: 767px) 82vw, 740px\" \/><\/a><\/figure><\/li><li class=\"blocks-gallery-item\"><figure><a href=\"https:\/\/haus-waldmann.at\/wp-content\/uploads\/2020\/10\/P1013028-1024x768-1.jpg\"><img loading=\"lazy\" width=\"1024\" height=\"768\" src=\"https:\/\/haus-waldmann.at\/wp-content\/uploads\/2020\/10\/P1013028-1024x768-1.jpg\" alt=\"\" data-id=\"67\" data-full-url=\"https:\/\/haus-waldmann.at\/wp-content\/uploads\/2020\/10\/P1013028-1024x768-1.jpg\" data-link=\"https:\/\/haus-waldmann.at\/?attachment_id=67\" class=\"wp-image-67\" srcset=\"https:\/\/haus-waldmann.at\/wp-content\/uploads\/2020\/10\/P1013028-1024x768-1.jpg 1024w, https:\/\/haus-waldmann.at\/wp-content\/uploads\/2020\/10\/P1013028-1024x768-1-300x225.jpg 300w, https:\/\/haus-waldmann.at\/wp-content\/uploads\/2020\/10\/P1013028-1024x768-1-768x576.jpg 768w\" sizes=\"(max-width: 706px) 89vw, (max-width: 767px) 82vw, 740px\" \/><\/a><\/figure><\/li><li class=\"blocks-gallery-item\"><figure><a href=\"https:\/\/haus-waldmann.at\/wp-content\/uploads\/2020\/10\/P1013030-1024x768-2.jpg\"><img loading=\"lazy\" width=\"1024\" height=\"768\" src=\"https:\/\/haus-waldmann.at\/wp-content\/uploads\/2020\/10\/P1013030-1024x768-2.jpg\" alt=\"\" data-id=\"68\" data-full-url=\"https:\/\/haus-waldmann.at\/wp-content\/uploads\/2020\/10\/P1013030-1024x768-2.jpg\" data-link=\"https:\/\/haus-waldmann.at\/?attachment_id=68\" class=\"wp-image-68\" srcset=\"https:\/\/haus-waldmann.at\/wp-content\/uploads\/2020\/10\/P1013030-1024x768-2.jpg 1024w, https:\/\/haus-waldmann.at\/wp-content\/uploads\/2020\/10\/P1013030-1024x768-2-300x225.jpg 300w, https:\/\/haus-waldmann.at\/wp-content\/uploads\/2020\/10\/P1013030-1024x768-2-768x576.jpg 768w\" sizes=\"(max-width: 706px) 89vw, (max-width: 767px) 82vw, 740px\" \/><\/a><\/figure><\/li><li class=\"blocks-gallery-item\"><figure><a href=\"https:\/\/haus-waldmann.at\/wp-content\/uploads\/2020\/10\/P1013033-1024x768-1.jpg\"><img loading=\"lazy\" width=\"1024\" height=\"768\" src=\"https:\/\/haus-waldmann.at\/wp-content\/uploads\/2020\/10\/P1013033-1024x768-1.jpg\" alt=\"\" data-id=\"69\" data-full-url=\"https:\/\/haus-waldmann.at\/wp-content\/uploads\/2020\/10\/P1013033-1024x768-1.jpg\" data-link=\"https:\/\/haus-waldmann.at\/?attachment_id=69\" class=\"wp-image-69\" srcset=\"https:\/\/haus-waldmann.at\/wp-content\/uploads\/2020\/10\/P1013033-1024x768-1.jpg 1024w, https:\/\/haus-waldmann.at\/wp-content\/uploads\/2020\/10\/P1013033-1024x768-1-300x225.jpg 300w, https:\/\/haus-waldmann.at\/wp-content\/uploads\/2020\/10\/P1013033-1024x768-1-768x576.jpg 768w\" sizes=\"(max-width: 706px) 89vw, (max-width: 767px) 82vw, 740px\" \/><\/a><\/figure><\/li><li class=\"blocks-gallery-item\"><figure><a href=\"https:\/\/haus-waldmann.at\/wp-content\/uploads\/2020\/10\/P1013072-1024x768-1.jpg\"><img loading=\"lazy\" width=\"1024\" height=\"768\" src=\"https:\/\/haus-waldmann.at\/wp-content\/uploads\/2020\/10\/P1013072-1024x768-1.jpg\" alt=\"\" data-id=\"70\" data-full-url=\"https:\/\/haus-waldmann.at\/wp-content\/uploads\/2020\/10\/P1013072-1024x768-1.jpg\" data-link=\"https:\/\/haus-waldmann.at\/?attachment_id=70\" class=\"wp-image-70\" srcset=\"https:\/\/haus-waldmann.at\/wp-content\/uploads\/2020\/10\/P1013072-1024x768-1.jpg 1024w, https:\/\/haus-waldmann.at\/wp-content\/uploads\/2020\/10\/P1013072-1024x768-1-300x225.jpg 300w, https:\/\/haus-waldmann.at\/wp-content\/uploads\/2020\/10\/P1013072-1024x768-1-768x576.jpg 768w\" sizes=\"(max-width: 706px) 89vw, (max-width: 767px) 82vw, 740px\" \/><\/a><\/figure><\/li><li class=\"blocks-gallery-item\"><figure><a href=\"https:\/\/haus-waldmann.at\/wp-content\/uploads\/2020\/10\/P1013074-1024x768-1.jpg\"><img loading=\"lazy\" width=\"1024\" height=\"768\" src=\"https:\/\/haus-waldmann.at\/wp-content\/uploads\/2020\/10\/P1013074-1024x768-1.jpg\" alt=\"\" data-id=\"71\" data-full-url=\"https:\/\/haus-waldmann.at\/wp-content\/uploads\/2020\/10\/P1013074-1024x768-1.jpg\" data-link=\"https:\/\/haus-waldmann.at\/?attachment_id=71\" class=\"wp-image-71\" srcset=\"https:\/\/haus-waldmann.at\/wp-content\/uploads\/2020\/10\/P1013074-1024x768-1.jpg 1024w, https:\/\/haus-waldmann.at\/wp-content\/uploads\/2020\/10\/P1013074-1024x768-1-300x225.jpg 300w, https:\/\/haus-waldmann.at\/wp-content\/uploads\/2020\/10\/P1013074-1024x768-1-768x576.jpg 768w\" sizes=\"(max-width: 706px) 89vw, (max-width: 767px) 82vw, 740px\" \/><\/a><\/figure><\/li><\/ul><\/figure>\n","protected":false},"excerpt":{"rendered":"<p>Direkt unter unserem Haus liegt eine der sch\u00f6nsten Langlaufloipen des Ortes und f\u00fcnf Gehminuten entfernt befindet sich eine&nbsp;Snow Tube Anlage, welche Winterspa\u00df pur bietet. Das Bergdorf St. Martin am Tennengebirge verf\u00fcgt \u00fcber drei Liftanlagen und stellt somit ein kleines familienfreundliches Schigebiet dar. Unz\u00e4hlige Naturrodelbahnen f\u00fchren von urig gem\u00fctlichen Gasth\u00e4usern und Jausenstationen ins Tal. Im Winter &hellip; <\/p>\n<p class=\"link-more\"><a href=\"https:\/\/haus-waldmann.at\/?page_id=65\" class=\"more-link\"><span class=\"screen-reader-text\">\u201eWinter\u201c<\/span> weiterlesen<\/a><\/p>\n","protected":false},"author":1,"featured_media":0,"parent":0,"menu_order":0,"comment_status":"closed","ping_status":"closed","template":"","meta":[],"_links":{"self":[{"href":"https:\/\/haus-waldmann.at\/index.php?rest_route=\/wp\/v2\/pages\/65"}],"collection":[{"href":"https:\/\/haus-waldmann.at\/index.php?rest_route=\/wp\/v2\/pages"}],"about":[{"href":"https:\/\/haus-waldmann.at\/index.php?rest_route=\/wp\/v2\/types\/page"}],"author":[{"embeddable":true,"href":"https:\/\/haus-waldmann.at\/index.php?rest_route=\/wp\/v2\/users\/1"}],"replies":[{"embeddable":true,"href":"https:\/\/haus-waldmann.at\/index.php?rest_route=%2Fwp%2Fv2%2Fcomments&post=65"}],"version-history":[{"count":1,"href":"https:\/\/haus-waldmann.at\/index.php?rest_route=\/wp\/v2\/pages\/65\/revisions"}],"predecessor-version":[{"id":72,"href":"https:\/\/haus-waldmann.at\/index.php?rest_route=\/wp\/v2\/pages\/65\/revisions\/72"}],"wp:attachment":[{"href":"https:\/\/haus-waldmann.at\/index.php?rest_route=%2Fwp%2Fv2%2Fmedia&parent=65"}],"curies":[{"name":"wp","href":"https:\/\/api.w.org\/{rel}","templated":true}]}}